{"id":248,"date":"2025-07-12T23:16:12","date_gmt":"2025-07-12T23:16:12","guid":{"rendered":"https:\/\/ahorroteca.com\/mx\/?page_id=248"},"modified":"2025-07-19T15:07:03","modified_gmt":"2025-07-19T15:07:03","slug":"hipoteca-construccion","status":"publish","type":"page","link":"https:\/\/ahorroteca.com\/mx\/hipoteca-construccion\/","title":{"rendered":"Hipoteca Construcci\u00f3n"},"content":{"rendered":"\t\t<div data-elementor-type=\"wp-page\" data-elementor-id=\"248\" class=\"elementor elementor-248\" data-elementor-post-type=\"page\">\n\t\t\t\t<div class=\"elementor-element elementor-element-12eb0e1f e-flex e-con-boxed e-con e-parent\" data-id=\"12eb0e1f\" data-element_type=\"container\" data-e-type=\"container\" data-settings=\"{&quot;background_background&quot;:&quot;classic&quot;}\">\n\t\t\t\t\t<div class=\"e-con-inner\">\n\t\t\t\t<div class=\"elementor-element elementor-element-12e657c7 elementor-widget elementor-widget-heading\" data-id=\"12e657c7\" data-element_type=\"widget\" data-e-type=\"widget\" data-widget_type=\"heading.default\">\n\t\t\t\t\t<h1 class=\"elementor-heading-title elementor-size-default\">Hipoteca construcci\u00f3n<\/h1>\t\t\t\t<\/div>\n\t\t\t\t\t<\/div>\n\t\t\t\t<\/div>\n\t\t<div class=\"elementor-element elementor-element-15bc8602 e-flex e-con-boxed e-con e-parent\" data-id=\"15bc8602\" data-element_type=\"container\" data-e-type=\"container\" data-settings=\"{&quot;background_background&quot;:&quot;classic&quot;}\">\n\t\t\t\t\t<div class=\"e-con-inner\">\n\t\t\t\t<div class=\"elementor-element elementor-element-41e9fb93 elementor-widget elementor-widget-text-editor\" data-id=\"41e9fb93\" data-element_type=\"widget\" data-e-type=\"widget\" data-widget_type=\"text-editor.default\">\n\t\t\t\t\t\t\t\t\t<strong>Tu casa te espera.<\/strong> Consigue la hipoteca en tiempo r\u00e9cord.\t\t\t\t\t\t\t\t<\/div>\n\t\t\t\t<div class=\"elementor-element elementor-element-28ada739 elementor-widget elementor-widget-button\" data-id=\"28ada739\" data-element_type=\"widget\" data-e-type=\"widget\" data-widget_type=\"button.default\">\n\t\t\t\t\t\t\t\t\t\t<a class=\"elementor-button elementor-button-link elementor-size-sm\" href=\"https:\/\/ahorroteca.com\/mx\/contacto\">\n\t\t\t\t\t\t<span class=\"elementor-button-content-wrapper\">\n\t\t\t\t\t\t<span class=\"elementor-button-icon\">\n\t\t\t\t<svg aria-hidden=\"true\" class=\"e-font-icon-svg e-fas-phone-alt\" viewBox=\"0 0 512 512\" xmlns=\"http:\/\/www.w3.org\/2000\/svg\"><path d=\"M497.39 361.8l-112-48a24 24 0 0 0-28 6.9l-49.6 60.6A370.66 370.66 0 0 1 130.6 204.11l60.6-49.6a23.94 23.94 0 0 0 6.9-28l-48-112A24.16 24.16 0 0 0 122.6.61l-104 24A24 24 0 0 0 0 48c0 256.5 207.9 464 464 464a24 24 0 0 0 23.4-18.6l24-104a24.29 24.29 0 0 0-14.01-27.6z\"><\/path><\/svg>\t\t\t<\/span>\n\t\t\t\t\t\t\t\t\t<span class=\"elementor-button-text\">\u00bfHablamos?<\/span>\n\t\t\t\t\t<\/span>\n\t\t\t\t\t<\/a>\n\t\t\t\t\t\t\t\t<\/div>\n\t\t\t\t\t<\/div>\n\t\t\t\t<\/div>\n\t\t<div class=\"elementor-element elementor-element-2fd1e429 e-flex e-con-boxed e-con e-parent\" data-id=\"2fd1e429\" data-element_type=\"container\" data-e-type=\"container\">\n\t\t\t\t\t<div class=\"e-con-inner\">\n\t\t\t\t<div class=\"elementor-element elementor-element-41aa9fbf elementor-widget elementor-widget-heading\" data-id=\"41aa9fbf\" data-element_type=\"widget\" data-e-type=\"widget\" data-widget_type=\"heading.default\">\n\t\t\t\t\t<h2 class=\"elementor-heading-title elementor-size-default\">\u00bfPreparado para empezar a  <span style=\"color: #1A73E8\">construir tu sue\u00f1o?<\/span><\/h2>\t\t\t\t<\/div>\n\t\t<div class=\"elementor-element elementor-element-7bb78aae e-con-full e-flex e-con e-child\" data-id=\"7bb78aae\" data-element_type=\"container\" data-e-type=\"container\">\n\t\t<div class=\"elementor-element elementor-element-2d3eea8e e-con-full e-flex e-con e-child\" data-id=\"2d3eea8e\" data-element_type=\"container\" data-e-type=\"container\" data-settings=\"{&quot;background_background&quot;:&quot;classic&quot;}\">\n\t\t<div class=\"elementor-element elementor-element-56e5e64b e-con-full e-flex e-con e-child\" data-id=\"56e5e64b\" data-element_type=\"container\" data-e-type=\"container\" data-settings=\"{&quot;background_background&quot;:&quot;classic&quot;,&quot;position&quot;:&quot;absolute&quot;}\">\n\t\t\t\t<div class=\"elementor-element elementor-element-360ad1a7 elementor-widget elementor-widget-image\" data-id=\"360ad1a7\" data-element_type=\"widget\" data-e-type=\"widget\" data-widget_type=\"image.default\">\n\t\t\t\t\t\t\t\t\t\t\t\t\t\t\t<img fetchpriority=\"high\" decoding=\"async\" width=\"1687\" height=\"1340\" src=\"https:\/\/ahorroteca.com\/mx\/wp-content\/uploads\/2025\/07\/rosa-hucha-casa-madera-aislada-sobre-fondo-blanco-ahorrar-dinero-comprar-casa-e1752277430484.png\" class=\"attachment-full size-full wp-image-73\" alt=\"\" srcset=\"https:\/\/ahorroteca.com\/mx\/wp-content\/uploads\/2025\/07\/rosa-hucha-casa-madera-aislada-sobre-fondo-blanco-ahorrar-dinero-comprar-casa-e1752277430484.png 1687w, https:\/\/ahorroteca.com\/mx\/wp-content\/uploads\/2025\/07\/rosa-hucha-casa-madera-aislada-sobre-fondo-blanco-ahorrar-dinero-comprar-casa-e1752277430484-300x238.png 300w, https:\/\/ahorroteca.com\/mx\/wp-content\/uploads\/2025\/07\/rosa-hucha-casa-madera-aislada-sobre-fondo-blanco-ahorrar-dinero-comprar-casa-e1752277430484-1024x813.png 1024w, https:\/\/ahorroteca.com\/mx\/wp-content\/uploads\/2025\/07\/rosa-hucha-casa-madera-aislada-sobre-fondo-blanco-ahorrar-dinero-comprar-casa-e1752277430484-768x610.png 768w, https:\/\/ahorroteca.com\/mx\/wp-content\/uploads\/2025\/07\/rosa-hucha-casa-madera-aislada-sobre-fondo-blanco-ahorrar-dinero-comprar-casa-e1752277430484-1536x1220.png 1536w\" sizes=\"(max-width: 1687px) 100vw, 1687px\" \/>\t\t\t\t\t\t\t\t\t\t\t\t\t\t\t<\/div>\n\t\t\t\t<\/div>\n\t\t\t\t<\/div>\n\t\t<div class=\"elementor-element elementor-element-2a969b59 e-con-full e-flex e-con e-child\" data-id=\"2a969b59\" data-element_type=\"container\" data-e-type=\"container\">\n\t\t\t\t<div class=\"elementor-element elementor-element-42873ec3 elementor-widget elementor-widget-heading\" data-id=\"42873ec3\" data-element_type=\"widget\" data-e-type=\"widget\" data-widget_type=\"heading.default\">\n\t\t\t\t\t<p class=\"elementor-heading-title elementor-size-default\">D\u00e9janos tus datos y uno de nuestros expertos se pondr\u00e1 en contacto contigo en breve para resolver todas tus dudas.<\/p>\t\t\t\t<\/div>\n\t\t\t\t<div class=\"elementor-element elementor-element-7e983a47 elementor-button-align-stretch elementor-widget elementor-widget-form\" data-id=\"7e983a47\" data-element_type=\"widget\" data-e-type=\"widget\" data-settings=\"{&quot;step_next_label&quot;:&quot;Next&quot;,&quot;step_previous_label&quot;:&quot;Previous&quot;,&quot;button_width&quot;:&quot;100&quot;,&quot;step_type&quot;:&quot;number_text&quot;,&quot;step_icon_shape&quot;:&quot;circle&quot;}\" data-widget_type=\"form.default\">\n\t\t\t\t\t\t\t<form class=\"elementor-form\" method=\"post\" name=\"Nueva Hipoteca\" aria-label=\"Nueva Hipoteca\">\n\t\t\t<input type=\"hidden\" name=\"post_id\" value=\"248\"\/>\n\t\t\t<input type=\"hidden\" name=\"form_id\" value=\"7e983a47\"\/>\n\t\t\t<input type=\"hidden\" name=\"referer_title\" value=\"Hipoteca Construcci\u00f3n\" \/>\n\n\t\t\t\t\t\t\t<input type=\"hidden\" name=\"queried_id\" value=\"248\"\/>\n\t\t\t\n\t\t\t<div class=\"elementor-form-fields-wrapper elementor-labels-above\">\n\t\t\t\t\t\t\t\t<div class=\"elementor-field-type-text elementor-field-group elementor-column elementor-field-group-name elementor-col-50\">\n\t\t\t\t\t\t\t\t\t\t\t\t<label for=\"form-field-name\" class=\"elementor-field-label\">\n\t\t\t\t\t\t\t\tNombre y apellidos\t\t\t\t\t\t\t<\/label>\n\t\t\t\t\t\t\t\t\t\t\t\t\t\t<input size=\"1\" type=\"text\" name=\"form_fields[name]\" id=\"form-field-name\" class=\"elementor-field elementor-size-sm  elementor-field-textual\" placeholder=\"Nombre y apellidos\">\n\t\t\t\t\t\t\t\t\t\t\t<\/div>\n\t\t\t\t\t\t\t\t<div class=\"elementor-field-type-email elementor-field-group elementor-column elementor-field-group-email elementor-col-50 elementor-field-required\">\n\t\t\t\t\t\t\t\t\t\t\t\t<label for=\"form-field-email\" class=\"elementor-field-label\">\n\t\t\t\t\t\t\t\tCorreo electr\u00f3nico\t\t\t\t\t\t\t<\/label>\n\t\t\t\t\t\t\t\t\t\t\t\t\t\t<input size=\"1\" type=\"email\" name=\"form_fields[email]\" id=\"form-field-email\" class=\"elementor-field elementor-size-sm  elementor-field-textual\" placeholder=\"Correo electr\u00f3nico\" required=\"required\">\n\t\t\t\t\t\t\t\t\t\t\t<\/div>\n\t\t\t\t\t\t\t\t<div class=\"elementor-field-type-tel elementor-field-group elementor-column elementor-field-group-field_123de2c elementor-col-50\">\n\t\t\t\t\t\t\t\t\t\t\t\t<label for=\"form-field-field_123de2c\" class=\"elementor-field-label\">\n\t\t\t\t\t\t\t\tTel\u00e9fono\t\t\t\t\t\t\t<\/label>\n\t\t\t\t\t\t\t\t<input size=\"1\" type=\"tel\" name=\"form_fields[field_123de2c]\" id=\"form-field-field_123de2c\" class=\"elementor-field elementor-size-sm  elementor-field-textual\" placeholder=\"123 456 7890\" pattern=\"[0-9()#&amp;+*-=.]+\" title=\"Only numbers and phone characters (#, -, *, etc) are accepted.\">\n\n\t\t\t\t\t\t<\/div>\n\t\t\t\t\t\t\t\t<div class=\"elementor-field-type-select elementor-field-group elementor-column elementor-field-group-field_b754b92 elementor-col-50\">\n\t\t\t\t\t\t\t\t\t\t\t\t<label for=\"form-field-field_b754b92\" class=\"elementor-field-label\">\n\t\t\t\t\t\t\t\t\u00bfEn que estado se encuentra la vivienda?\t\t\t\t\t\t\t<\/label>\n\t\t\t\t\t\t\t\t<div class=\"elementor-field elementor-select-wrapper remove-before \">\n\t\t\t<div class=\"select-caret-down-wrapper\">\n\t\t\t\t<svg aria-hidden=\"true\" class=\"e-font-icon-svg e-eicon-caret-down\" viewBox=\"0 0 571.4 571.4\" xmlns=\"http:\/\/www.w3.org\/2000\/svg\"><path d=\"M571 393Q571 407 561 418L311 668Q300 679 286 679T261 668L11 418Q0 407 0 393T11 368 36 357H536Q550 357 561 368T571 393Z\"><\/path><\/svg>\t\t\t<\/div>\n\t\t\t<select name=\"form_fields[field_b754b92]\" id=\"form-field-field_b754b92\" class=\"elementor-field-textual elementor-size-sm\">\n\t\t\t\t\t\t\t\t\t<option value=\"Aguascalientes\">Aguascalientes<\/option>\n\t\t\t\t\t\t\t\t\t<option value=\"Baja California \">Baja California <\/option>\n\t\t\t\t\t\t\t\t\t<option value=\"Baja California Sur \">Baja California Sur <\/option>\n\t\t\t\t\t\t\t\t\t<option value=\"Campeche \">Campeche <\/option>\n\t\t\t\t\t\t\t\t\t<option value=\"Chiapas \">Chiapas <\/option>\n\t\t\t\t\t\t\t\t\t<option value=\"Chihuahua \">Chihuahua <\/option>\n\t\t\t\t\t\t\t\t\t<option value=\"Ciudad de M\u00e9xico \">Ciudad de M\u00e9xico <\/option>\n\t\t\t\t\t\t\t\t\t<option value=\"Coahuila \">Coahuila <\/option>\n\t\t\t\t\t\t\t\t\t<option value=\"Colima \">Colima <\/option>\n\t\t\t\t\t\t\t\t\t<option value=\"Durango \">Durango <\/option>\n\t\t\t\t\t\t\t\t\t<option value=\"Estado de M\u00e9xico \">Estado de M\u00e9xico <\/option>\n\t\t\t\t\t\t\t\t\t<option value=\"Guanajuato \">Guanajuato <\/option>\n\t\t\t\t\t\t\t\t\t<option value=\"Guerrero \">Guerrero <\/option>\n\t\t\t\t\t\t\t\t\t<option value=\"Hidalgo \">Hidalgo <\/option>\n\t\t\t\t\t\t\t\t\t<option value=\"Jalisco \">Jalisco <\/option>\n\t\t\t\t\t\t\t\t\t<option value=\"Michoac\u00e1n \">Michoac\u00e1n <\/option>\n\t\t\t\t\t\t\t\t\t<option value=\"Morelos \">Morelos <\/option>\n\t\t\t\t\t\t\t\t\t<option value=\"Nayarit \">Nayarit <\/option>\n\t\t\t\t\t\t\t\t\t<option value=\"Nuevo Le\u00f3n \">Nuevo Le\u00f3n <\/option>\n\t\t\t\t\t\t\t\t\t<option value=\"Oaxaca \">Oaxaca <\/option>\n\t\t\t\t\t\t\t\t\t<option value=\"Puebla \">Puebla <\/option>\n\t\t\t\t\t\t\t\t\t<option value=\"Quer\u00e9taro \">Quer\u00e9taro <\/option>\n\t\t\t\t\t\t\t\t\t<option value=\"Quintana Roo \">Quintana Roo <\/option>\n\t\t\t\t\t\t\t\t\t<option value=\"San Luis Potos\u00ed \">San Luis Potos\u00ed <\/option>\n\t\t\t\t\t\t\t\t\t<option value=\"Sinaloa \">Sinaloa <\/option>\n\t\t\t\t\t\t\t\t\t<option value=\"Sonora \">Sonora <\/option>\n\t\t\t\t\t\t\t\t\t<option value=\"Tabasco \">Tabasco <\/option>\n\t\t\t\t\t\t\t\t\t<option value=\"Tamaulipas \">Tamaulipas <\/option>\n\t\t\t\t\t\t\t\t\t<option value=\"Tlaxcala \">Tlaxcala <\/option>\n\t\t\t\t\t\t\t\t\t<option value=\"Veracruz \">Veracruz <\/option>\n\t\t\t\t\t\t\t\t\t<option value=\"Yucat\u00e1n \">Yucat\u00e1n <\/option>\n\t\t\t\t\t\t\t\t\t<option value=\"Zacatecas \">Zacatecas <\/option>\n\t\t\t\t\t\t\t<\/select>\n\t\t<\/div>\n\t\t\t\t\t\t<\/div>\n\t\t\t\t\t\t\t\t<div class=\"elementor-field-group elementor-column elementor-field-type-submit elementor-col-100 e-form__buttons\">\n\t\t\t\t\t<button class=\"elementor-button elementor-size-sm\" type=\"submit\">\n\t\t\t\t\t\t<span class=\"elementor-button-content-wrapper\">\n\t\t\t\t\t\t\t\t\t\t\t\t\t\t\t\t\t\t\t\t\t\t<span class=\"elementor-button-text\">\u00a1Quiero mi Asesor\u00eda Gratuita!<\/span>\n\t\t\t\t\t\t\t\t\t\t\t\t\t<\/span>\n\t\t\t\t\t<\/button>\n\t\t\t\t<\/div>\n\t\t\t<\/div>\n\t\t<\/form>\n\t\t\t\t\t\t<\/div>\n\t\t\t\t<\/div>\n\t\t\t\t<\/div>\n\t\t\t\t\t<\/div>\n\t\t\t\t<\/div>\n\t\t<div class=\"elementor-element elementor-element-72057ed5 elementor-hidden-desktop elementor-hidden-tablet elementor-hidden-mobile e-flex e-con-boxed e-con e-parent\" data-id=\"72057ed5\" data-element_type=\"container\" data-e-type=\"container\" data-settings=\"{&quot;background_background&quot;:&quot;classic&quot;}\">\n\t\t\t\t\t<div class=\"e-con-inner\">\n\t\t<div class=\"elementor-element elementor-element-4e095e02 e-con-full e-flex e-con e-child\" data-id=\"4e095e02\" data-element_type=\"container\" data-e-type=\"container\">\n\t\t\t\t<div class=\"elementor-element elementor-element-6134aa4e elementor-widget elementor-widget-heading\" data-id=\"6134aa4e\" data-element_type=\"widget\" data-e-type=\"widget\" data-widget_type=\"heading.default\">\n\t\t\t\t\t<h2 class=\"elementor-heading-title elementor-size-default\">\u00bfTodavia <span style=\"color: #1A73E8\">tienes dudas?<\/span><\/h2>\t\t\t\t<\/div>\n\t\t\t\t<div class=\"elementor-element elementor-element-7cc878af elementor-widget elementor-widget-text-editor\" data-id=\"7cc878af\" data-element_type=\"widget\" data-e-type=\"widget\" data-widget_type=\"text-editor.default\">\n\t\t\t\t\t\t\t\t\t<p>\u00bfA\u00fan te queda alguna pregunta sin respuesta? No dudes en contactarnos.<br \/><strong>\u00a1Ser\u00e1 un placer asistirte!<\/strong><\/p>\t\t\t\t\t\t\t\t<\/div>\n\t\t<div class=\"elementor-element elementor-element-41d5fe4 e-con-full e-flex e-con e-child\" data-id=\"41d5fe4\" data-element_type=\"container\" data-e-type=\"container\">\n\t\t\t\t<div class=\"elementor-element elementor-element-73430124 elementor-hidden-desktop elementor-hidden-tablet elementor-hidden-mobile elementor-widget elementor-widget-button\" data-id=\"73430124\" data-element_type=\"widget\" data-e-type=\"widget\" data-widget_type=\"button.default\">\n\t\t\t\t\t\t\t\t\t\t<a class=\"elementor-button elementor-button-link elementor-size-sm\" href=\"\/mx\/contacto\">\n\t\t\t\t\t\t<span class=\"elementor-button-content-wrapper\">\n\t\t\t\t\t\t\t\t\t<span class=\"elementor-button-text\">Contacto<\/span>\n\t\t\t\t\t<\/span>\n\t\t\t\t\t<\/a>\n\t\t\t\t\t\t\t\t<\/div>\n\t\t\t\t<div class=\"elementor-element elementor-element-6d9c2c8 elementor-widget elementor-widget-button\" data-id=\"6d9c2c8\" data-element_type=\"widget\" data-e-type=\"widget\" data-widget_type=\"button.default\">\n\t\t\t\t\t\t\t\t\t\t<a class=\"elementor-button elementor-button-link elementor-size-sm\" href=\"#\">\n\t\t\t\t\t\t<span class=\"elementor-button-content-wrapper\">\n\t\t\t\t\t\t<span class=\"elementor-button-icon\">\n\t\t\t\t<svg aria-hidden=\"true\" class=\"e-font-icon-svg e-fas-phone-alt\" viewBox=\"0 0 512 512\" xmlns=\"http:\/\/www.w3.org\/2000\/svg\"><path d=\"M497.39 361.8l-112-48a24 24 0 0 0-28 6.9l-49.6 60.6A370.66 370.66 0 0 1 130.6 204.11l60.6-49.6a23.94 23.94 0 0 0 6.9-28l-48-112A24.16 24.16 0 0 0 122.6.61l-104 24A24 24 0 0 0 0 48c0 256.5 207.9 464 464 464a24 24 0 0 0 23.4-18.6l24-104a24.29 24.29 0 0 0-14.01-27.6z\"><\/path><\/svg>\t\t\t<\/span>\n\t\t\t\t\t\t\t\t\t<span class=\"elementor-button-text\">\u00bfHablamos?<\/span>\n\t\t\t\t\t<\/span>\n\t\t\t\t\t<\/a>\n\t\t\t\t\t\t\t\t<\/div>\n\t\t\t\t<\/div>\n\t\t\t\t<div class=\"elementor-element elementor-element-45e18657 elementor-absolute elementor-widget__width-initial elementor-hidden-desktop elementor-hidden-tablet elementor-hidden-mobile elementor-widget elementor-widget-image\" data-id=\"45e18657\" data-element_type=\"widget\" data-e-type=\"widget\" data-settings=\"{&quot;_position&quot;:&quot;absolute&quot;}\" data-widget_type=\"image.default\">\n\t\t\t\t\t\t\t\t\t\t\t\t\t\t\t<img decoding=\"async\" width=\"1237\" height=\"1200\" src=\"https:\/\/ahorroteca.com\/mx\/wp-content\/uploads\/2025\/07\/inversion-casa-llave-monton-dinero-columpio-inmobiliario-negocio-hipoteca-inversion-prestamo-financiero-concepto-propiedad-inmobiliaria-recorte-camino-3d-renderizacion-e1752253941760.png\" class=\"attachment-full size-full wp-image-64\" alt=\"\" srcset=\"https:\/\/ahorroteca.com\/mx\/wp-content\/uploads\/2025\/07\/inversion-casa-llave-monton-dinero-columpio-inmobiliario-negocio-hipoteca-inversion-prestamo-financiero-concepto-propiedad-inmobiliaria-recorte-camino-3d-renderizacion-e1752253941760.png 1237w, https:\/\/ahorroteca.com\/mx\/wp-content\/uploads\/2025\/07\/inversion-casa-llave-monton-dinero-columpio-inmobiliario-negocio-hipoteca-inversion-prestamo-financiero-concepto-propiedad-inmobiliaria-recorte-camino-3d-renderizacion-e1752253941760-300x291.png 300w, https:\/\/ahorroteca.com\/mx\/wp-content\/uploads\/2025\/07\/inversion-casa-llave-monton-dinero-columpio-inmobiliario-negocio-hipoteca-inversion-prestamo-financiero-concepto-propiedad-inmobiliaria-recorte-camino-3d-renderizacion-e1752253941760-1024x993.png 1024w, https:\/\/ahorroteca.com\/mx\/wp-content\/uploads\/2025\/07\/inversion-casa-llave-monton-dinero-columpio-inmobiliario-negocio-hipoteca-inversion-prestamo-financiero-concepto-propiedad-inmobiliaria-recorte-camino-3d-renderizacion-e1752253941760-768x745.png 768w\" sizes=\"(max-width: 1237px) 100vw, 1237px\" \/>\t\t\t\t\t\t\t\t\t\t\t\t\t\t\t<\/div>\n\t\t\t\t<\/div>\n\t\t\t\t\t<\/div>\n\t\t\t\t<\/div>\n\t\t\t\t<\/div>\n\t\t","protected":false},"excerpt":{"rendered":"<p>Hipoteca construcci\u00f3n Tu casa te espera. Consigue la hipoteca en tiempo r\u00e9cord. \u00bfHablamos? \u00bfPreparado para empezar a construir tu sue\u00f1o? D\u00e9janos tus datos y uno de nuestros expertos se pondr\u00e1 en contacto contigo en breve para resolver todas tus dudas. \u00bfTodavia tienes dudas? \u00bfA\u00fan te queda alguna pregunta sin respuesta? No dudes en contactarnos.\u00a1Ser\u00e1 un [&hellip;]<\/p>\n","protected":false},"author":2,"featured_media":0,"parent":0,"menu_order":0,"comment_status":"closed","ping_status":"closed","template":"elementor_header_footer","meta":{"footnotes":""},"class_list":["post-248","page","type-page","status-publish","hentry"],"_links":{"self":[{"href":"https:\/\/ahorroteca.com\/mx\/wp-json\/wp\/v2\/pages\/248","targetHints":{"allow":["GET"]}}],"collection":[{"href":"https:\/\/ahorroteca.com\/mx\/wp-json\/wp\/v2\/pages"}],"about":[{"href":"https:\/\/ahorroteca.com\/mx\/wp-json\/wp\/v2\/types\/page"}],"author":[{"embeddable":true,"href":"https:\/\/ahorroteca.com\/mx\/wp-json\/wp\/v2\/users\/2"}],"replies":[{"embeddable":true,"href":"https:\/\/ahorroteca.com\/mx\/wp-json\/wp\/v2\/comments?post=248"}],"version-history":[{"count":55,"href":"https:\/\/ahorroteca.com\/mx\/wp-json\/wp\/v2\/pages\/248\/revisions"}],"predecessor-version":[{"id":941,"href":"https:\/\/ahorroteca.com\/mx\/wp-json\/wp\/v2\/pages\/248\/revisions\/941"}],"wp:attachment":[{"href":"https:\/\/ahorroteca.com\/mx\/wp-json\/wp\/v2\/media?parent=248"}],"curies":[{"name":"wp","href":"https:\/\/api.w.org\/{rel}","templated":true}]}}