{"id":21,"date":"2025-07-08T19:27:32","date_gmt":"2025-07-08T19:27:32","guid":{"rendered":"https:\/\/ahorroteca.com\/mx\/?page_id=21"},"modified":"2025-07-19T10:53:01","modified_gmt":"2025-07-19T10:53:01","slug":"sobre-nosotros","status":"publish","type":"page","link":"https:\/\/ahorroteca.com\/mx\/sobre-nosotros\/","title":{"rendered":"Sobre Nosotros"},"content":{"rendered":"\t\t<div data-elementor-type=\"wp-page\" data-elementor-id=\"21\" class=\"elementor elementor-21\" data-elementor-post-type=\"page\">\n\t\t\t\t<div class=\"elementor-element elementor-element-65ae7d62 e-flex e-con-boxed e-con e-parent\" data-id=\"65ae7d62\" data-element_type=\"container\" data-e-type=\"container\" data-settings=\"{&quot;background_background&quot;:&quot;classic&quot;}\">\n\t\t\t\t\t<div class=\"e-con-inner\">\n\t\t\t\t<div class=\"elementor-element elementor-element-76033ffd elementor-widget elementor-widget-heading\" data-id=\"76033ffd\" data-element_type=\"widget\" data-e-type=\"widget\" data-widget_type=\"heading.default\">\n\t\t\t\t\t<h1 class=\"elementor-heading-title elementor-size-default\">Sobre nosotros<\/h1>\t\t\t\t<\/div>\n\t\t\t\t\t<\/div>\n\t\t\t\t<\/div>\n\t\t<div class=\"elementor-element elementor-element-3d8d2683 e-flex e-con-boxed e-con e-parent\" data-id=\"3d8d2683\" data-element_type=\"container\" data-e-type=\"container\" data-settings=\"{&quot;background_background&quot;:&quot;classic&quot;}\">\n\t\t\t\t\t<div class=\"e-con-inner\">\n\t\t\t\t<div class=\"elementor-element elementor-element-2c863d79 elementor-widget elementor-widget-text-editor\" data-id=\"2c863d79\" data-element_type=\"widget\" data-e-type=\"widget\" data-widget_type=\"text-editor.default\">\n\t\t\t\t\t\t\t\t\t<strong>Tu casa te espera.<\/strong> Consigue la hipoteca en tiempo r\u00e9cord.\t\t\t\t\t\t\t\t<\/div>\n\t\t\t\t<div class=\"elementor-element elementor-element-25b48749 elementor-widget elementor-widget-button\" data-id=\"25b48749\" data-element_type=\"widget\" data-e-type=\"widget\" data-widget_type=\"button.default\">\n\t\t\t\t\t\t\t\t\t\t<a class=\"elementor-button elementor-button-link elementor-size-sm\" href=\"https:\/\/ahorroteca.com\/mx\/contacto\/\">\n\t\t\t\t\t\t<span class=\"elementor-button-content-wrapper\">\n\t\t\t\t\t\t<span class=\"elementor-button-icon\">\n\t\t\t\t<svg aria-hidden=\"true\" class=\"e-font-icon-svg e-fas-phone-alt\" viewBox=\"0 0 512 512\" xmlns=\"http:\/\/www.w3.org\/2000\/svg\"><path d=\"M497.39 361.8l-112-48a24 24 0 0 0-28 6.9l-49.6 60.6A370.66 370.66 0 0 1 130.6 204.11l60.6-49.6a23.94 23.94 0 0 0 6.9-28l-48-112A24.16 24.16 0 0 0 122.6.61l-104 24A24 24 0 0 0 0 48c0 256.5 207.9 464 464 464a24 24 0 0 0 23.4-18.6l24-104a24.29 24.29 0 0 0-14.01-27.6z\"><\/path><\/svg>\t\t\t<\/span>\n\t\t\t\t\t\t\t\t\t<span class=\"elementor-button-text\">\u00bfHablamos?<\/span>\n\t\t\t\t\t<\/span>\n\t\t\t\t\t<\/a>\n\t\t\t\t\t\t\t\t<\/div>\n\t\t\t\t\t<\/div>\n\t\t\t\t<\/div>\n\t\t<div class=\"elementor-element elementor-element-9e0f10a e-flex e-con-boxed e-con e-parent\" data-id=\"9e0f10a\" data-element_type=\"container\" data-e-type=\"container\" data-settings=\"{&quot;background_background&quot;:&quot;classic&quot;}\">\n\t\t\t\t\t<div class=\"e-con-inner\">\n\t\t<div class=\"elementor-element elementor-element-20a643a e-con-full e-flex e-con e-child\" data-id=\"20a643a\" data-element_type=\"container\" data-e-type=\"container\">\n\t\t\t\t<div class=\"elementor-element elementor-element-02b3a5f elementor-widget elementor-widget-image\" data-id=\"02b3a5f\" data-element_type=\"widget\" data-e-type=\"widget\" data-widget_type=\"image.default\">\n\t\t\t\t\t\t\t\t\t\t\t\t\t\t\t<img fetchpriority=\"high\" decoding=\"async\" width=\"1687\" height=\"1340\" src=\"https:\/\/ahorroteca.com\/mx\/wp-content\/uploads\/2025\/07\/rosa-hucha-casa-madera-aislada-sobre-fondo-blanco-ahorrar-dinero-comprar-casa-e1752277430484.png\" class=\"attachment-full size-full wp-image-73\" alt=\"\" srcset=\"https:\/\/ahorroteca.com\/mx\/wp-content\/uploads\/2025\/07\/rosa-hucha-casa-madera-aislada-sobre-fondo-blanco-ahorrar-dinero-comprar-casa-e1752277430484.png 1687w, https:\/\/ahorroteca.com\/mx\/wp-content\/uploads\/2025\/07\/rosa-hucha-casa-madera-aislada-sobre-fondo-blanco-ahorrar-dinero-comprar-casa-e1752277430484-300x238.png 300w, https:\/\/ahorroteca.com\/mx\/wp-content\/uploads\/2025\/07\/rosa-hucha-casa-madera-aislada-sobre-fondo-blanco-ahorrar-dinero-comprar-casa-e1752277430484-1024x813.png 1024w, https:\/\/ahorroteca.com\/mx\/wp-content\/uploads\/2025\/07\/rosa-hucha-casa-madera-aislada-sobre-fondo-blanco-ahorrar-dinero-comprar-casa-e1752277430484-768x610.png 768w, https:\/\/ahorroteca.com\/mx\/wp-content\/uploads\/2025\/07\/rosa-hucha-casa-madera-aislada-sobre-fondo-blanco-ahorrar-dinero-comprar-casa-e1752277430484-1536x1220.png 1536w\" sizes=\"(max-width: 1687px) 100vw, 1687px\" \/>\t\t\t\t\t\t\t\t\t\t\t\t\t\t\t<\/div>\n\t\t\t\t<\/div>\n\t\t<div class=\"elementor-element elementor-element-d83842c e-con-full e-flex e-con e-child\" data-id=\"d83842c\" data-element_type=\"container\" data-e-type=\"container\">\n\t\t\t\t<div class=\"elementor-element elementor-element-24e80d1 elementor-widget elementor-widget-heading\" data-id=\"24e80d1\" data-element_type=\"widget\" data-e-type=\"widget\" data-widget_type=\"heading.default\">\n\t\t\t\t\t<h2 class=\"elementor-heading-title elementor-size-default\">\u00bfQuienes somos?<\/h2>\t\t\t\t<\/div>\n\t\t\t\t<div class=\"elementor-element elementor-element-47c3190 elementor-widget elementor-widget-text-editor\" data-id=\"47c3190\" data-element_type=\"widget\" data-e-type=\"widget\" data-widget_type=\"text-editor.default\">\n\t\t\t\t\t\t\t\t\t<p>Somos una plataforma independiente que compara, acompa\u00f1a y simplifica todo el proceso para conseguir tu hipoteca ideal en M\u00e9xico y Latinoam\u00e9rica.<\/p>\t\t\t\t\t\t\t\t<\/div>\n\t\t\t\t<\/div>\n\t\t\t\t\t<\/div>\n\t\t\t\t<\/div>\n\t\t<div class=\"elementor-element elementor-element-d6612ff e-flex e-con-boxed e-con e-parent\" data-id=\"d6612ff\" data-element_type=\"container\" data-e-type=\"container\">\n\t\t\t\t\t<div class=\"e-con-inner\">\n\t\t\t\t<div class=\"elementor-element elementor-element-1a96d7f elementor-widget elementor-widget-heading\" data-id=\"1a96d7f\" data-element_type=\"widget\" data-e-type=\"widget\" data-widget_type=\"heading.default\">\n\t\t\t\t\t<h2 class=\"elementor-heading-title elementor-size-default\">Nuestra <span style=\"color: #1A73E8\">misi\u00f3n<\/span><\/h2>\t\t\t\t<\/div>\n\t\t\t\t<div class=\"elementor-element elementor-element-1950f71 elementor-widget__width-initial elementor-widget elementor-widget-text-editor\" data-id=\"1950f71\" data-element_type=\"widget\" data-e-type=\"widget\" data-widget_type=\"text-editor.default\">\n\t\t\t\t\t\t\t\t\t<p>Queremos que m\u00e1s personas accedan a su hogar ideal sin estr\u00e9s, sin letras peque\u00f1as y sin perder tiempo entre tr\u00e1mites complicados. Nuestra misi\u00f3n es conectar a los usuarios con las mejores opciones hipotecarias del mercado, de forma clara, r\u00e1pida y transparente.<\/p>\t\t\t\t\t\t\t\t<\/div>\n\t\t<div class=\"elementor-element elementor-element-9769d73 e-con-full e-flex e-con e-child\" data-id=\"9769d73\" data-element_type=\"container\" data-e-type=\"container\" data-settings=\"{&quot;background_background&quot;:&quot;classic&quot;}\">\n\t\t\t\t<\/div>\n\t\t\t\t\t<\/div>\n\t\t\t\t<\/div>\n\t\t<div class=\"elementor-element elementor-element-194f769 e-flex e-con-boxed e-con e-parent\" data-id=\"194f769\" data-element_type=\"container\" data-e-type=\"container\">\n\t\t\t\t\t<div class=\"e-con-inner\">\n\t\t<div class=\"elementor-element elementor-element-1348e0d e-con-full e-flex e-con e-child\" data-id=\"1348e0d\" data-element_type=\"container\" data-e-type=\"container\">\n\t\t\t\t<div class=\"elementor-element elementor-element-592e3a4 elementor-widget__width-initial elementor-widget elementor-widget-heading\" data-id=\"592e3a4\" data-element_type=\"widget\" data-e-type=\"widget\" data-widget_type=\"heading.default\">\n\t\t\t\t\t<h2 class=\"elementor-heading-title elementor-size-default\">\u00bfQuienes <span style=\"color: #1A73E8\">somos?<\/span><\/h2>\t\t\t\t<\/div>\n\t\t\t\t<div class=\"elementor-element elementor-element-ce6a5a4 elementor-widget__width-initial elementor-widget elementor-widget-text-editor\" data-id=\"ce6a5a4\" data-element_type=\"widget\" data-e-type=\"widget\" data-widget_type=\"text-editor.default\">\n\t\t\t\t\t\t\t\t\t<p>Somos una plataforma independiente que compara, acompa\u00f1a y simplifica todo el proceso para conseguir tu hipoteca ideal en M\u00e9xico y Latinoam\u00e9rica.<\/p>\t\t\t\t\t\t\t\t<\/div>\n\t\t\t\t<\/div>\n\t\t<div class=\"elementor-element elementor-element-75f450a e-con-full e-flex e-con e-child\" data-id=\"75f450a\" data-element_type=\"container\" data-e-type=\"container\">\n\t\t<div class=\"elementor-element elementor-element-d31d7fc e-con-full e-flex e-con e-child\" data-id=\"d31d7fc\" data-element_type=\"container\" data-e-type=\"container\" data-settings=\"{&quot;background_background&quot;:&quot;classic&quot;}\">\n\t\t<div class=\"elementor-element elementor-element-a048ec2 e-con-full e-flex e-con e-child\" data-id=\"a048ec2\" data-element_type=\"container\" data-e-type=\"container\" data-settings=\"{&quot;background_background&quot;:&quot;classic&quot;,&quot;position&quot;:&quot;absolute&quot;}\">\n\t\t\t\t<div class=\"elementor-element elementor-element-bf5662e elementor-widget elementor-widget-image\" data-id=\"bf5662e\" data-element_type=\"widget\" data-e-type=\"widget\" data-widget_type=\"image.default\">\n\t\t\t\t\t\t\t\t\t\t\t\t\t\t\t<img decoding=\"async\" width=\"2000\" height=\"1300\" src=\"https:\/\/ahorroteca.com\/mx\/wp-content\/uploads\/2025\/07\/casa-simbolo-dolar-3d-aislada-sobre-fondo-transparente.png\" class=\"attachment-full size-full wp-image-62\" alt=\"\" srcset=\"https:\/\/ahorroteca.com\/mx\/wp-content\/uploads\/2025\/07\/casa-simbolo-dolar-3d-aislada-sobre-fondo-transparente.png 2000w, https:\/\/ahorroteca.com\/mx\/wp-content\/uploads\/2025\/07\/casa-simbolo-dolar-3d-aislada-sobre-fondo-transparente-300x195.png 300w, https:\/\/ahorroteca.com\/mx\/wp-content\/uploads\/2025\/07\/casa-simbolo-dolar-3d-aislada-sobre-fondo-transparente-1024x666.png 1024w, https:\/\/ahorroteca.com\/mx\/wp-content\/uploads\/2025\/07\/casa-simbolo-dolar-3d-aislada-sobre-fondo-transparente-768x499.png 768w, https:\/\/ahorroteca.com\/mx\/wp-content\/uploads\/2025\/07\/casa-simbolo-dolar-3d-aislada-sobre-fondo-transparente-1536x998.png 1536w\" sizes=\"(max-width: 2000px) 100vw, 2000px\" \/>\t\t\t\t\t\t\t\t\t\t\t\t\t\t\t<\/div>\n\t\t\t\t<\/div>\n\t\t\t\t<\/div>\n\t\t<div class=\"elementor-element elementor-element-9c6b9a1 e-con-full e-flex e-con e-child\" data-id=\"9c6b9a1\" data-element_type=\"container\" data-e-type=\"container\">\n\t\t\t\t<div class=\"elementor-element elementor-element-f4f67b8 elementor-widget elementor-widget-heading\" data-id=\"f4f67b8\" data-element_type=\"widget\" data-e-type=\"widget\" data-widget_type=\"heading.default\">\n\t\t\t\t\t<h2 class=\"elementor-heading-title elementor-size-default\"><span style=\"color: #1A73E8\">Nuestros Valores: <\/span>La Base de Cada Decisi\u00f3n<\/h2>\t\t\t\t<\/div>\n\t\t\t\t<div class=\"elementor-element elementor-element-a7ccb25 elementor-widget elementor-widget-icon-box\" data-id=\"a7ccb25\" data-element_type=\"widget\" data-e-type=\"widget\" data-widget_type=\"icon-box.default\">\n\t\t\t\t\t\t\t<div class=\"elementor-icon-box-wrapper\">\n\n\t\t\t\n\t\t\t\t\t\t<div class=\"elementor-icon-box-content\">\n\n\t\t\t\t\t\t\t\t\t<h3 class=\"elementor-icon-box-title\">\n\t\t\t\t\t\t<span  >\n\t\t\t\t\t\t\tTransparencia\t\t\t\t\t\t<\/span>\n\t\t\t\t\t<\/h3>\n\t\t\t\t\n\t\t\t\t\t\t\t\t\t<p class=\"elementor-icon-box-description\">\n\t\t\t\t\t\tTe ofrecemos toda la informaci\u00f3n de forma clara y sin letras peque\u00f1as. Queremos que entiendas cada detalle de tu hipoteca.\t\t\t\t\t<\/p>\n\t\t\t\t\n\t\t\t<\/div>\n\t\t\t\n\t\t<\/div>\n\t\t\t\t\t\t<\/div>\n\t\t\t\t<div class=\"elementor-element elementor-element-62ae09b elementor-widget elementor-widget-icon-box\" data-id=\"62ae09b\" data-element_type=\"widget\" data-e-type=\"widget\" data-widget_type=\"icon-box.default\">\n\t\t\t\t\t\t\t<div class=\"elementor-icon-box-wrapper\">\n\n\t\t\t\n\t\t\t\t\t\t<div class=\"elementor-icon-box-content\">\n\n\t\t\t\t\t\t\t\t\t<h3 class=\"elementor-icon-box-title\">\n\t\t\t\t\t\t<span  >\n\t\t\t\t\t\t\tConfianza\t\t\t\t\t\t<\/span>\n\t\t\t\t\t<\/h3>\n\t\t\t\t\n\t\t\t\t\t\t\t\t\t<p class=\"elementor-icon-box-description\">\n\t\t\t\t\t\tConstruimos relaciones duraderas basadas en la honestidad, la integridad y el respeto por tus datos y tus objetivos.\t\t\t\t\t<\/p>\n\t\t\t\t\n\t\t\t<\/div>\n\t\t\t\n\t\t<\/div>\n\t\t\t\t\t\t<\/div>\n\t\t\t\t<div class=\"elementor-element elementor-element-3e7c172 elementor-widget elementor-widget-icon-box\" data-id=\"3e7c172\" data-element_type=\"widget\" data-e-type=\"widget\" data-widget_type=\"icon-box.default\">\n\t\t\t\t\t\t\t<div class=\"elementor-icon-box-wrapper\">\n\n\t\t\t\n\t\t\t\t\t\t<div class=\"elementor-icon-box-content\">\n\n\t\t\t\t\t\t\t\t\t<h3 class=\"elementor-icon-box-title\">\n\t\t\t\t\t\t<span  >\n\t\t\t\t\t\t\tExcelencia\t\t\t\t\t\t<\/span>\n\t\t\t\t\t<\/h3>\n\t\t\t\t\n\t\t\t\t\t\t\t\t\t<p class=\"elementor-icon-box-description\">\n\t\t\t\t\t\tBuscamos la perfecci\u00f3n en cada proceso y cada interacci\u00f3n, asegurando un servicio de la m\u00e1s alta calidad.\t\t\t\t\t<\/p>\n\t\t\t\t\n\t\t\t<\/div>\n\t\t\t\n\t\t<\/div>\n\t\t\t\t\t\t<\/div>\n\t\t\t\t<div class=\"elementor-element elementor-element-b45823c elementor-widget elementor-widget-icon-box\" data-id=\"b45823c\" data-element_type=\"widget\" data-e-type=\"widget\" data-widget_type=\"icon-box.default\">\n\t\t\t\t\t\t\t<div class=\"elementor-icon-box-wrapper\">\n\n\t\t\t\n\t\t\t\t\t\t<div class=\"elementor-icon-box-content\">\n\n\t\t\t\t\t\t\t\t\t<h3 class=\"elementor-icon-box-title\">\n\t\t\t\t\t\t<span  >\n\t\t\t\t\t\t\tInnovaci\u00f3n\t\t\t\t\t\t<\/span>\n\t\t\t\t\t<\/h3>\n\t\t\t\t\n\t\t\t\t\t\t\t\t\t<p class=\"elementor-icon-box-description\">\n\t\t\t\t\t\tUtilizamos la tecnolog\u00eda m\u00e1s avanzada para simplificar tu experiencia y ofrecerte soluciones a la vanguardia.\t\t\t\t\t<\/p>\n\t\t\t\t\n\t\t\t<\/div>\n\t\t\t\n\t\t<\/div>\n\t\t\t\t\t\t<\/div>\n\t\t\t\t<div class=\"elementor-element elementor-element-f766950 elementor-widget elementor-widget-icon-box\" data-id=\"f766950\" data-element_type=\"widget\" data-e-type=\"widget\" data-widget_type=\"icon-box.default\">\n\t\t\t\t\t\t\t<div class=\"elementor-icon-box-wrapper\">\n\n\t\t\t\n\t\t\t\t\t\t<div class=\"elementor-icon-box-content\">\n\n\t\t\t\t\t\t\t\t\t<h3 class=\"elementor-icon-box-title\">\n\t\t\t\t\t\t<span  >\n\t\t\t\t\t\t\tOrientaci\u00f3n al Cliente\t\t\t\t\t\t<\/span>\n\t\t\t\t\t<\/h3>\n\t\t\t\t\n\t\t\t\t\t\t\t\t\t<p class=\"elementor-icon-box-description\">\n\t\t\t\t\t\tT\u00fa eres nuestra prioridad. Nos adaptamos a tus necesidades y te acompa\u00f1amos en cada paso hacia tu meta.\t\t\t\t\t<\/p>\n\t\t\t\t\n\t\t\t<\/div>\n\t\t\t\n\t\t<\/div>\n\t\t\t\t\t\t<\/div>\n\t\t\t\t<\/div>\n\t\t\t\t<\/div>\n\t\t\t\t\t<\/div>\n\t\t\t\t<\/div>\n\t\t<div class=\"elementor-element elementor-element-cadd5eb e-flex e-con-boxed e-con e-parent\" data-id=\"cadd5eb\" data-element_type=\"container\" data-e-type=\"container\">\n\t\t\t\t\t<div class=\"e-con-inner\">\n\t\t\t\t<div class=\"elementor-element elementor-element-bc86d75 elementor-widget elementor-widget-heading\" data-id=\"bc86d75\" data-element_type=\"widget\" data-e-type=\"widget\" data-widget_type=\"heading.default\">\n\t\t\t\t\t<h2 class=\"elementor-heading-title elementor-size-default\">Independientes y de tu lado<\/h2>\t\t\t\t<\/div>\n\t\t\t\t<div class=\"elementor-element elementor-element-a9d8538 elementor-widget__width-initial elementor-widget elementor-widget-text-editor\" data-id=\"a9d8538\" data-element_type=\"widget\" data-e-type=\"widget\" data-widget_type=\"text-editor.default\">\n\t\t\t\t\t\t\t\t\t<p>No trabajamos para un solo banco, trabajamos para ti. Somos completamente independientes: eso nos permite comparar de forma justa, sin presiones, y recomendar lo que realmente te conviene. Ganamos solo si t\u00fa ganas.<\/p>\t\t\t\t\t\t\t\t<\/div>\n\t\t\t\t\t<\/div>\n\t\t\t\t<\/div>\n\t\t<div class=\"elementor-element elementor-element-2b0bd6aa e-flex e-con-boxed e-con e-parent\" data-id=\"2b0bd6aa\" data-element_type=\"container\" data-e-type=\"container\" data-settings=\"{&quot;background_background&quot;:&quot;classic&quot;}\">\n\t\t\t\t\t<div class=\"e-con-inner\">\n\t\t<div class=\"elementor-element elementor-element-20777c05 e-con-full e-flex e-con e-child\" data-id=\"20777c05\" data-element_type=\"container\" data-e-type=\"container\">\n\t\t\t\t<div class=\"elementor-element elementor-element-6fe47186 elementor-widget elementor-widget-heading\" data-id=\"6fe47186\" data-element_type=\"widget\" data-e-type=\"widget\" data-widget_type=\"heading.default\">\n\t\t\t\t\t<h2 class=\"elementor-heading-title elementor-size-default\">\u00bfPor qu\u00e9 <span style=\"color: #1A73E8\">confiar en nosotros?<\/span><\/h2>\t\t\t\t<\/div>\n\t\t\t\t<div class=\"elementor-element elementor-element-737d76f3 elementor-widget elementor-widget-text-editor\" data-id=\"737d76f3\" data-element_type=\"widget\" data-e-type=\"widget\" data-widget_type=\"text-editor.default\">\n\t\t\t\t\t\t\t\t\t<p>M\u00e1s de X ofertas hipotecarias comparadas<br \/>Colaboramos con los principales bancos del pa\u00eds<br \/>Asesor\u00eda personalizada 100% gratuita<br \/>Plataforma segura y confidencial<br \/>Equipo con +10 a\u00f1os de experiencia en el sector financiero<\/p>\t\t\t\t\t\t\t\t<\/div>\n\t\t\t\t<div class=\"elementor-element elementor-element-5329dd14 elementor-absolute elementor-widget__width-initial elementor-widget elementor-widget-image\" data-id=\"5329dd14\" data-element_type=\"widget\" data-e-type=\"widget\" data-settings=\"{&quot;_position&quot;:&quot;absolute&quot;}\" data-widget_type=\"image.default\">\n\t\t\t\t\t\t\t\t\t\t\t\t\t\t\t<img decoding=\"async\" width=\"1020\" height=\"983\" src=\"https:\/\/ahorroteca.com\/mx\/wp-content\/uploads\/2025\/07\/casa-miniatura-pila-monedas-llaves-fondo-blanco-rendering-3d-e1752281616634.png\" class=\"attachment-full size-full wp-image-61\" alt=\"\" srcset=\"https:\/\/ahorroteca.com\/mx\/wp-content\/uploads\/2025\/07\/casa-miniatura-pila-monedas-llaves-fondo-blanco-rendering-3d-e1752281616634.png 1020w, https:\/\/ahorroteca.com\/mx\/wp-content\/uploads\/2025\/07\/casa-miniatura-pila-monedas-llaves-fondo-blanco-rendering-3d-e1752281616634-300x289.png 300w, https:\/\/ahorroteca.com\/mx\/wp-content\/uploads\/2025\/07\/casa-miniatura-pila-monedas-llaves-fondo-blanco-rendering-3d-e1752281616634-768x740.png 768w\" sizes=\"(max-width: 1020px) 100vw, 1020px\" \/>\t\t\t\t\t\t\t\t\t\t\t\t\t\t\t<\/div>\n\t\t<div class=\"elementor-element elementor-element-7592771 e-con-full e-flex e-con e-child\" data-id=\"7592771\" data-element_type=\"container\" data-e-type=\"container\">\n\t\t\t\t<div class=\"elementor-element elementor-element-beb96f1 elementor-mobile-align-justify elementor-widget-mobile__width-inherit elementor-widget elementor-widget-button\" data-id=\"beb96f1\" data-element_type=\"widget\" data-e-type=\"widget\" data-widget_type=\"button.default\">\n\t\t\t\t\t\t\t\t\t\t<a class=\"elementor-button elementor-button-link elementor-size-sm\" href=\"\/mx\/nueva-hipoteca\">\n\t\t\t\t\t\t<span class=\"elementor-button-content-wrapper\">\n\t\t\t\t\t\t\t\t\t<span class=\"elementor-button-text\">Hipoteca vivienda nueva<\/span>\n\t\t\t\t\t<\/span>\n\t\t\t\t\t<\/a>\n\t\t\t\t\t\t\t\t<\/div>\n\t\t\t\t<div class=\"elementor-element elementor-element-a6b5b6d elementor-mobile-align-justify elementor-widget-mobile__width-inherit elementor-widget elementor-widget-button\" data-id=\"a6b5b6d\" data-element_type=\"widget\" data-e-type=\"widget\" data-widget_type=\"button.default\">\n\t\t\t\t\t\t\t\t\t\t<a class=\"elementor-button elementor-button-link elementor-size-sm\" href=\"\/mx\/mejora-hipoteca\">\n\t\t\t\t\t\t<span class=\"elementor-button-content-wrapper\">\n\t\t\t\t\t\t\t\t\t<span class=\"elementor-button-text\">Mejorar mi hipoteca<\/span>\n\t\t\t\t\t<\/span>\n\t\t\t\t\t<\/a>\n\t\t\t\t\t\t\t\t<\/div>\n\t\t\t\t<div class=\"elementor-element elementor-element-497faaa elementor-mobile-align-justify elementor-widget-mobile__width-inherit elementor-widget elementor-widget-button\" data-id=\"497faaa\" data-element_type=\"widget\" data-e-type=\"widget\" data-widget_type=\"button.default\">\n\t\t\t\t\t\t\t\t\t\t<a class=\"elementor-button elementor-button-link elementor-size-sm\" href=\"\/mx\/hipoteca-construccion\">\n\t\t\t\t\t\t<span class=\"elementor-button-content-wrapper\">\n\t\t\t\t\t\t\t\t\t<span class=\"elementor-button-text\">Hipoteca construcci\u00f3n<\/span>\n\t\t\t\t\t<\/span>\n\t\t\t\t\t<\/a>\n\t\t\t\t\t\t\t\t<\/div>\n\t\t\t\t<\/div>\n\t\t\t\t<\/div>\n\t\t\t\t\t<\/div>\n\t\t\t\t<\/div>\n\t\t\t\t<\/div>\n\t\t","protected":false},"excerpt":{"rendered":"<p>Sobre nosotros Tu casa te espera. Consigue la hipoteca en tiempo r\u00e9cord. \u00bfHablamos? \u00bfQuienes somos? Somos una plataforma independiente que compara, acompa\u00f1a y simplifica todo el proceso para conseguir tu hipoteca ideal en M\u00e9xico y Latinoam\u00e9rica. Nuestra misi\u00f3n Queremos que m\u00e1s personas accedan a su hogar ideal sin estr\u00e9s, sin letras peque\u00f1as y sin perder [&hellip;]<\/p>\n","protected":false},"author":2,"featured_media":0,"parent":0,"menu_order":0,"comment_status":"closed","ping_status":"closed","template":"elementor_header_footer","meta":{"footnotes":""},"class_list":["post-21","page","type-page","status-publish","hentry"],"_links":{"self":[{"href":"https:\/\/ahorroteca.com\/mx\/wp-json\/wp\/v2\/pages\/21","targetHints":{"allow":["GET"]}}],"collection":[{"href":"https:\/\/ahorroteca.com\/mx\/wp-json\/wp\/v2\/pages"}],"about":[{"href":"https:\/\/ahorroteca.com\/mx\/wp-json\/wp\/v2\/types\/page"}],"author":[{"embeddable":true,"href":"https:\/\/ahorroteca.com\/mx\/wp-json\/wp\/v2\/users\/2"}],"replies":[{"embeddable":true,"href":"https:\/\/ahorroteca.com\/mx\/wp-json\/wp\/v2\/comments?post=21"}],"version-history":[{"count":38,"href":"https:\/\/ahorroteca.com\/mx\/wp-json\/wp\/v2\/pages\/21\/revisions"}],"predecessor-version":[{"id":916,"href":"https:\/\/ahorroteca.com\/mx\/wp-json\/wp\/v2\/pages\/21\/revisions\/916"}],"wp:attachment":[{"href":"https:\/\/ahorroteca.com\/mx\/wp-json\/wp\/v2\/media?parent=21"}],"curies":[{"name":"wp","href":"https:\/\/api.w.org\/{rel}","templated":true}]}}