{"id":13,"date":"2025-07-08T19:26:12","date_gmt":"2025-07-08T19:26:12","guid":{"rendered":"https:\/\/ahorroteca.com\/mx\/?page_id=13"},"modified":"2025-07-19T12:07:41","modified_gmt":"2025-07-19T12:07:41","slug":"nueva-hipoteca","status":"publish","type":"page","link":"https:\/\/ahorroteca.com\/mx\/nueva-hipoteca\/","title":{"rendered":"Nueva Hipoteca"},"content":{"rendered":"\t\t<div data-elementor-type=\"wp-page\" data-elementor-id=\"13\" class=\"elementor elementor-13\" data-elementor-post-type=\"page\">\n\t\t\t\t<div class=\"elementor-element elementor-element-dd7a3f9 e-flex e-con-boxed e-con e-parent\" data-id=\"dd7a3f9\" data-element_type=\"container\" data-e-type=\"container\" data-settings=\"{&quot;background_background&quot;:&quot;classic&quot;}\">\n\t\t\t\t\t<div class=\"e-con-inner\">\n\t\t\t\t<div class=\"elementor-element elementor-element-670150b9 elementor-widget elementor-widget-heading\" data-id=\"670150b9\" data-element_type=\"widget\" data-e-type=\"widget\" data-widget_type=\"heading.default\">\n\t\t\t\t\t<h1 class=\"elementor-heading-title elementor-size-default\">Nueva Hipoteca<\/h1>\t\t\t\t<\/div>\n\t\t\t\t\t<\/div>\n\t\t\t\t<\/div>\n\t\t<div class=\"elementor-element elementor-element-64c26168 e-flex e-con-boxed e-con e-parent\" data-id=\"64c26168\" data-element_type=\"container\" data-e-type=\"container\" data-settings=\"{&quot;background_background&quot;:&quot;classic&quot;}\">\n\t\t\t\t\t<div class=\"e-con-inner\">\n\t\t\t\t<div class=\"elementor-element elementor-element-358fa935 elementor-widget elementor-widget-text-editor\" data-id=\"358fa935\" data-element_type=\"widget\" data-e-type=\"widget\" data-widget_type=\"text-editor.default\">\n\t\t\t\t\t\t\t\t\t<strong>Tu casa te espera.<\/strong> Consigue la hipoteca en tiempo r\u00e9cord.\t\t\t\t\t\t\t\t<\/div>\n\t\t\t\t<div class=\"elementor-element elementor-element-3522b7b6 elementor-widget elementor-widget-button\" data-id=\"3522b7b6\" data-element_type=\"widget\" data-e-type=\"widget\" data-widget_type=\"button.default\">\n\t\t\t\t\t\t\t\t\t\t<a class=\"elementor-button elementor-button-link elementor-size-sm\" href=\"#\">\n\t\t\t\t\t\t<span class=\"elementor-button-content-wrapper\">\n\t\t\t\t\t\t<span class=\"elementor-button-icon\">\n\t\t\t\t<svg aria-hidden=\"true\" class=\"e-font-icon-svg e-fas-phone-alt\" viewBox=\"0 0 512 512\" xmlns=\"http:\/\/www.w3.org\/2000\/svg\"><path d=\"M497.39 361.8l-112-48a24 24 0 0 0-28 6.9l-49.6 60.6A370.66 370.66 0 0 1 130.6 204.11l60.6-49.6a23.94 23.94 0 0 0 6.9-28l-48-112A24.16 24.16 0 0 0 122.6.61l-104 24A24 24 0 0 0 0 48c0 256.5 207.9 464 464 464a24 24 0 0 0 23.4-18.6l24-104a24.29 24.29 0 0 0-14.01-27.6z\"><\/path><\/svg>\t\t\t<\/span>\n\t\t\t\t\t\t\t\t\t<span class=\"elementor-button-text\">\u00bfHablamos?<\/span>\n\t\t\t\t\t<\/span>\n\t\t\t\t\t<\/a>\n\t\t\t\t\t\t\t\t<\/div>\n\t\t\t\t\t<\/div>\n\t\t\t\t<\/div>\n\t\t<div class=\"elementor-element elementor-element-2f77b9a e-flex e-con-boxed e-con e-parent\" data-id=\"2f77b9a\" data-element_type=\"container\" data-e-type=\"container\">\n\t\t\t\t\t<div class=\"e-con-inner\">\n\t\t\t\t<div class=\"elementor-element elementor-element-2f2ca1e elementor-widget elementor-widget-heading\" data-id=\"2f2ca1e\" data-element_type=\"widget\" data-e-type=\"widget\" data-widget_type=\"heading.default\">\n\t\t\t\t\t<h2 class=\"elementor-heading-title elementor-size-default\"><span style=\"color: #1A73E8\">Est\u00e1s a un Paso<\/span> de tu Hipoteca<\/h2>\t\t\t\t<\/div>\n\t\t<div class=\"elementor-element elementor-element-6682785 e-con-full e-flex e-con e-child\" data-id=\"6682785\" data-element_type=\"container\" data-e-type=\"container\">\n\t\t<div class=\"elementor-element elementor-element-3175bd7 e-con-full e-flex e-con e-child\" data-id=\"3175bd7\" data-element_type=\"container\" data-e-type=\"container\" data-settings=\"{&quot;background_background&quot;:&quot;classic&quot;}\">\n\t\t<div class=\"elementor-element elementor-element-39194f2 e-con-full e-flex e-con e-child\" data-id=\"39194f2\" data-element_type=\"container\" data-e-type=\"container\" data-settings=\"{&quot;background_background&quot;:&quot;classic&quot;,&quot;position&quot;:&quot;absolute&quot;}\">\n\t\t\t\t<div class=\"elementor-element elementor-element-eb95adc elementor-widget elementor-widget-image\" data-id=\"eb95adc\" data-element_type=\"widget\" data-e-type=\"widget\" data-widget_type=\"image.default\">\n\t\t\t\t\t\t\t\t\t\t\t\t\t\t\t<img fetchpriority=\"high\" decoding=\"async\" width=\"1020\" height=\"983\" src=\"https:\/\/ahorroteca.com\/mx\/wp-content\/uploads\/2025\/07\/casa-miniatura-pila-monedas-llaves-fondo-blanco-rendering-3d-e1752281616634.png\" class=\"attachment-full size-full wp-image-61\" alt=\"\" srcset=\"https:\/\/ahorroteca.com\/mx\/wp-content\/uploads\/2025\/07\/casa-miniatura-pila-monedas-llaves-fondo-blanco-rendering-3d-e1752281616634.png 1020w, https:\/\/ahorroteca.com\/mx\/wp-content\/uploads\/2025\/07\/casa-miniatura-pila-monedas-llaves-fondo-blanco-rendering-3d-e1752281616634-300x289.png 300w, https:\/\/ahorroteca.com\/mx\/wp-content\/uploads\/2025\/07\/casa-miniatura-pila-monedas-llaves-fondo-blanco-rendering-3d-e1752281616634-768x740.png 768w\" sizes=\"(max-width: 1020px) 100vw, 1020px\" \/>\t\t\t\t\t\t\t\t\t\t\t\t\t\t\t<\/div>\n\t\t\t\t<\/div>\n\t\t\t\t<\/div>\n\t\t<div class=\"elementor-element elementor-element-90a966f e-con-full e-flex e-con e-child\" data-id=\"90a966f\" data-element_type=\"container\" data-e-type=\"container\">\n\t\t\t\t<div class=\"elementor-element elementor-element-9b6ef4f elementor-widget elementor-widget-heading\" data-id=\"9b6ef4f\" data-element_type=\"widget\" data-e-type=\"widget\" data-widget_type=\"heading.default\">\n\t\t\t\t\t<p class=\"elementor-heading-title elementor-size-default\">D\u00e9janos tus datos y uno de nuestros expertos se pondr\u00e1 en contacto contigo en breve para resolver todas tus dudas.<\/p>\t\t\t\t<\/div>\n\t\t\t\t<div class=\"elementor-element elementor-element-c5aaf70 elementor-button-align-stretch elementor-widget elementor-widget-form\" data-id=\"c5aaf70\" data-element_type=\"widget\" data-e-type=\"widget\" data-settings=\"{&quot;step_next_label&quot;:&quot;Next&quot;,&quot;step_previous_label&quot;:&quot;Previous&quot;,&quot;button_width&quot;:&quot;100&quot;,&quot;step_type&quot;:&quot;number_text&quot;,&quot;step_icon_shape&quot;:&quot;circle&quot;}\" data-widget_type=\"form.default\">\n\t\t\t\t\t\t\t<form class=\"elementor-form\" method=\"post\" name=\"Nueva Hipoteca\" aria-label=\"Nueva Hipoteca\">\n\t\t\t<input type=\"hidden\" name=\"post_id\" value=\"13\"\/>\n\t\t\t<input type=\"hidden\" name=\"form_id\" value=\"c5aaf70\"\/>\n\t\t\t<input type=\"hidden\" name=\"referer_title\" value=\"Nueva Hipoteca\" \/>\n\n\t\t\t\t\t\t\t<input type=\"hidden\" name=\"queried_id\" value=\"13\"\/>\n\t\t\t\n\t\t\t<div class=\"elementor-form-fields-wrapper elementor-labels-above\">\n\t\t\t\t\t\t\t\t<div class=\"elementor-field-type-text elementor-field-group elementor-column elementor-field-group-name elementor-col-50\">\n\t\t\t\t\t\t\t\t\t\t\t\t<label for=\"form-field-name\" class=\"elementor-field-label\">\n\t\t\t\t\t\t\t\tNombre y apellidos\t\t\t\t\t\t\t<\/label>\n\t\t\t\t\t\t\t\t\t\t\t\t\t\t<input size=\"1\" type=\"text\" name=\"form_fields[name]\" id=\"form-field-name\" class=\"elementor-field elementor-size-sm  elementor-field-textual\" placeholder=\"Nombre y apellidos\">\n\t\t\t\t\t\t\t\t\t\t\t<\/div>\n\t\t\t\t\t\t\t\t<div class=\"elementor-field-type-email elementor-field-group elementor-column elementor-field-group-email elementor-col-50 elementor-field-required\">\n\t\t\t\t\t\t\t\t\t\t\t\t<label for=\"form-field-email\" class=\"elementor-field-label\">\n\t\t\t\t\t\t\t\tCorreo electr\u00f3nico\t\t\t\t\t\t\t<\/label>\n\t\t\t\t\t\t\t\t\t\t\t\t\t\t<input size=\"1\" type=\"email\" name=\"form_fields[email]\" id=\"form-field-email\" class=\"elementor-field elementor-size-sm  elementor-field-textual\" placeholder=\"Correo electr\u00f3nico\" required=\"required\">\n\t\t\t\t\t\t\t\t\t\t\t<\/div>\n\t\t\t\t\t\t\t\t<div class=\"elementor-field-type-tel elementor-field-group elementor-column elementor-field-group-field_123de2c elementor-col-50\">\n\t\t\t\t\t\t\t\t\t\t\t\t<label for=\"form-field-field_123de2c\" class=\"elementor-field-label\">\n\t\t\t\t\t\t\t\tTel\u00e9fono\t\t\t\t\t\t\t<\/label>\n\t\t\t\t\t\t\t\t<input size=\"1\" type=\"tel\" name=\"form_fields[field_123de2c]\" id=\"form-field-field_123de2c\" class=\"elementor-field elementor-size-sm  elementor-field-textual\" placeholder=\"123 456 7890\" pattern=\"[0-9()#&amp;+*-=.]+\" title=\"Only numbers and phone characters (#, -, *, etc) are accepted.\">\n\n\t\t\t\t\t\t<\/div>\n\t\t\t\t\t\t\t\t<div class=\"elementor-field-type-select elementor-field-group elementor-column elementor-field-group-field_b754b92 elementor-col-50\">\n\t\t\t\t\t\t\t\t\t\t\t\t<label for=\"form-field-field_b754b92\" class=\"elementor-field-label\">\n\t\t\t\t\t\t\t\t\u00bfEn que estado se encuentra la vivienda?\t\t\t\t\t\t\t<\/label>\n\t\t\t\t\t\t\t\t<div class=\"elementor-field elementor-select-wrapper remove-before \">\n\t\t\t<div class=\"select-caret-down-wrapper\">\n\t\t\t\t<svg aria-hidden=\"true\" class=\"e-font-icon-svg e-eicon-caret-down\" viewBox=\"0 0 571.4 571.4\" xmlns=\"http:\/\/www.w3.org\/2000\/svg\"><path d=\"M571 393Q571 407 561 418L311 668Q300 679 286 679T261 668L11 418Q0 407 0 393T11 368 36 357H536Q550 357 561 368T571 393Z\"><\/path><\/svg>\t\t\t<\/div>\n\t\t\t<select name=\"form_fields[field_b754b92]\" id=\"form-field-field_b754b92\" class=\"elementor-field-textual elementor-size-sm\">\n\t\t\t\t\t\t\t\t\t<option value=\"Aguascalientes\">Aguascalientes<\/option>\n\t\t\t\t\t\t\t\t\t<option value=\"Baja California \">Baja California <\/option>\n\t\t\t\t\t\t\t\t\t<option value=\"Baja California Sur \">Baja California Sur <\/option>\n\t\t\t\t\t\t\t\t\t<option value=\"Campeche \">Campeche <\/option>\n\t\t\t\t\t\t\t\t\t<option value=\"Chiapas \">Chiapas <\/option>\n\t\t\t\t\t\t\t\t\t<option value=\"Chihuahua \">Chihuahua <\/option>\n\t\t\t\t\t\t\t\t\t<option value=\"Ciudad de M\u00e9xico \">Ciudad de M\u00e9xico <\/option>\n\t\t\t\t\t\t\t\t\t<option value=\"Coahuila \">Coahuila <\/option>\n\t\t\t\t\t\t\t\t\t<option value=\"Colima \">Colima <\/option>\n\t\t\t\t\t\t\t\t\t<option value=\"Durango \">Durango <\/option>\n\t\t\t\t\t\t\t\t\t<option value=\"Estado de M\u00e9xico \">Estado de M\u00e9xico <\/option>\n\t\t\t\t\t\t\t\t\t<option value=\"Guanajuato \">Guanajuato <\/option>\n\t\t\t\t\t\t\t\t\t<option value=\"Guerrero \">Guerrero <\/option>\n\t\t\t\t\t\t\t\t\t<option value=\"Hidalgo \">Hidalgo <\/option>\n\t\t\t\t\t\t\t\t\t<option value=\"Jalisco \">Jalisco <\/option>\n\t\t\t\t\t\t\t\t\t<option value=\"Michoac\u00e1n \">Michoac\u00e1n <\/option>\n\t\t\t\t\t\t\t\t\t<option value=\"Morelos \">Morelos <\/option>\n\t\t\t\t\t\t\t\t\t<option value=\"Nayarit \">Nayarit <\/option>\n\t\t\t\t\t\t\t\t\t<option value=\"Nuevo Le\u00f3n \">Nuevo Le\u00f3n <\/option>\n\t\t\t\t\t\t\t\t\t<option value=\"Oaxaca \">Oaxaca <\/option>\n\t\t\t\t\t\t\t\t\t<option value=\"Puebla \">Puebla <\/option>\n\t\t\t\t\t\t\t\t\t<option value=\"Quer\u00e9taro \">Quer\u00e9taro <\/option>\n\t\t\t\t\t\t\t\t\t<option value=\"Quintana Roo \">Quintana Roo <\/option>\n\t\t\t\t\t\t\t\t\t<option value=\"San Luis Potos\u00ed \">San Luis Potos\u00ed <\/option>\n\t\t\t\t\t\t\t\t\t<option value=\"Sinaloa \">Sinaloa <\/option>\n\t\t\t\t\t\t\t\t\t<option value=\"Sonora \">Sonora <\/option>\n\t\t\t\t\t\t\t\t\t<option value=\"Tabasco \">Tabasco <\/option>\n\t\t\t\t\t\t\t\t\t<option value=\"Tamaulipas \">Tamaulipas <\/option>\n\t\t\t\t\t\t\t\t\t<option value=\"Tlaxcala \">Tlaxcala <\/option>\n\t\t\t\t\t\t\t\t\t<option value=\"Veracruz \">Veracruz <\/option>\n\t\t\t\t\t\t\t\t\t<option value=\"Yucat\u00e1n \">Yucat\u00e1n <\/option>\n\t\t\t\t\t\t\t\t\t<option value=\"Zacatecas \">Zacatecas <\/option>\n\t\t\t\t\t\t\t<\/select>\n\t\t<\/div>\n\t\t\t\t\t\t<\/div>\n\t\t\t\t\t\t\t\t<div class=\"elementor-field-type-acceptance elementor-field-group elementor-column elementor-field-group-field_e3da398 elementor-col-100 elementor-field-required\">\n\t\t\t\t\t\t\t<div class=\"elementor-field-subgroup\">\n\t\t\t<span class=\"elementor-field-option\">\n\t\t\t\t<input type=\"checkbox\" name=\"form_fields[field_e3da398]\" id=\"form-field-field_e3da398\" class=\"elementor-field elementor-size-sm  elementor-acceptance-field\" required=\"required\">\n\t\t\t\t<label for=\"form-field-field_e3da398\">He le\u00eddo, entendido y acepto los <a href=\"https:\/\/ahorroteca.com\/mx\/terminos-y-condiciones\/\">Terminos y Condiciones<\/a>\n<\/label>\t\t\t<\/span>\n\t\t<\/div>\n\t\t\t\t\t\t<\/div>\n\t\t\t\t\t\t\t\t<div class=\"elementor-field-group elementor-column elementor-field-type-submit elementor-col-100 e-form__buttons\">\n\t\t\t\t\t<button class=\"elementor-button elementor-size-sm\" type=\"submit\">\n\t\t\t\t\t\t<span class=\"elementor-button-content-wrapper\">\n\t\t\t\t\t\t\t\t\t\t\t\t\t\t\t\t\t\t\t\t\t\t<span class=\"elementor-button-text\">\u00a1Quiero mi Asesor\u00eda Gratuita!<\/span>\n\t\t\t\t\t\t\t\t\t\t\t\t\t<\/span>\n\t\t\t\t\t<\/button>\n\t\t\t\t<\/div>\n\t\t\t<\/div>\n\t\t<\/form>\n\t\t\t\t\t\t<\/div>\n\t\t\t\t<\/div>\n\t\t\t\t<\/div>\n\t\t\t\t\t<\/div>\n\t\t\t\t<\/div>\n\t\t<div class=\"elementor-element elementor-element-77260b2c elementor-hidden-desktop elementor-hidden-tablet elementor-hidden-mobile e-flex e-con-boxed e-con e-parent\" data-id=\"77260b2c\" data-element_type=\"container\" data-e-type=\"container\" data-settings=\"{&quot;background_background&quot;:&quot;classic&quot;}\">\n\t\t\t\t\t<div class=\"e-con-inner\">\n\t\t<div class=\"elementor-element elementor-element-5960dd8d e-con-full e-flex e-con e-child\" data-id=\"5960dd8d\" data-element_type=\"container\" data-e-type=\"container\">\n\t\t\t\t<div class=\"elementor-element elementor-element-176c2364 elementor-widget elementor-widget-heading\" data-id=\"176c2364\" data-element_type=\"widget\" data-e-type=\"widget\" data-widget_type=\"heading.default\">\n\t\t\t\t\t<h2 class=\"elementor-heading-title elementor-size-default\">\u00bfTodavia <span style=\"color: #1A73E8\">tienes dudas?<\/span><\/h2>\t\t\t\t<\/div>\n\t\t\t\t<div class=\"elementor-element elementor-element-22af9505 elementor-widget elementor-widget-text-editor\" data-id=\"22af9505\" data-element_type=\"widget\" data-e-type=\"widget\" data-widget_type=\"text-editor.default\">\n\t\t\t\t\t\t\t\t\t<p>\u00bfA\u00fan te queda alguna pregunta sin respuesta? No dudes en contactarnos.<br \/><strong>\u00a1Ser\u00e1 un placer asistirte!<\/strong><\/p>\t\t\t\t\t\t\t\t<\/div>\n\t\t<div class=\"elementor-element elementor-element-48610772 e-con-full e-flex e-con e-child\" data-id=\"48610772\" data-element_type=\"container\" data-e-type=\"container\">\n\t\t\t\t<div class=\"elementor-element elementor-element-4c230f90 elementor-hidden-desktop elementor-hidden-tablet elementor-hidden-mobile elementor-widget elementor-widget-button\" data-id=\"4c230f90\" data-element_type=\"widget\" data-e-type=\"widget\" data-widget_type=\"button.default\">\n\t\t\t\t\t\t\t\t\t\t<a class=\"elementor-button elementor-button-link elementor-size-sm\" href=\"\/mx\/contacto\">\n\t\t\t\t\t\t<span class=\"elementor-button-content-wrapper\">\n\t\t\t\t\t\t\t\t\t<span class=\"elementor-button-text\">Contacto<\/span>\n\t\t\t\t\t<\/span>\n\t\t\t\t\t<\/a>\n\t\t\t\t\t\t\t\t<\/div>\n\t\t\t\t<div class=\"elementor-element elementor-element-4b9f866a elementor-widget elementor-widget-button\" data-id=\"4b9f866a\" data-element_type=\"widget\" data-e-type=\"widget\" data-widget_type=\"button.default\">\n\t\t\t\t\t\t\t\t\t\t<a class=\"elementor-button elementor-button-link elementor-size-sm\" href=\"#\">\n\t\t\t\t\t\t<span class=\"elementor-button-content-wrapper\">\n\t\t\t\t\t\t<span class=\"elementor-button-icon\">\n\t\t\t\t<svg aria-hidden=\"true\" class=\"e-font-icon-svg e-fas-phone-alt\" viewBox=\"0 0 512 512\" xmlns=\"http:\/\/www.w3.org\/2000\/svg\"><path d=\"M497.39 361.8l-112-48a24 24 0 0 0-28 6.9l-49.6 60.6A370.66 370.66 0 0 1 130.6 204.11l60.6-49.6a23.94 23.94 0 0 0 6.9-28l-48-112A24.16 24.16 0 0 0 122.6.61l-104 24A24 24 0 0 0 0 48c0 256.5 207.9 464 464 464a24 24 0 0 0 23.4-18.6l24-104a24.29 24.29 0 0 0-14.01-27.6z\"><\/path><\/svg>\t\t\t<\/span>\n\t\t\t\t\t\t\t\t\t<span class=\"elementor-button-text\">\u00bfHablamos?<\/span>\n\t\t\t\t\t<\/span>\n\t\t\t\t\t<\/a>\n\t\t\t\t\t\t\t\t<\/div>\n\t\t\t\t<\/div>\n\t\t\t\t<div class=\"elementor-element elementor-element-7c361074 elementor-absolute elementor-widget__width-initial elementor-hidden-desktop elementor-hidden-tablet elementor-hidden-mobile elementor-widget elementor-widget-image\" data-id=\"7c361074\" data-element_type=\"widget\" data-e-type=\"widget\" data-settings=\"{&quot;_position&quot;:&quot;absolute&quot;}\" data-widget_type=\"image.default\">\n\t\t\t\t\t\t\t\t\t\t\t\t\t\t\t<img decoding=\"async\" width=\"1237\" height=\"1200\" src=\"https:\/\/ahorroteca.com\/mx\/wp-content\/uploads\/2025\/07\/inversion-casa-llave-monton-dinero-columpio-inmobiliario-negocio-hipoteca-inversion-prestamo-financiero-concepto-propiedad-inmobiliaria-recorte-camino-3d-renderizacion-e1752253941760.png\" class=\"attachment-full size-full wp-image-64\" alt=\"\" srcset=\"https:\/\/ahorroteca.com\/mx\/wp-content\/uploads\/2025\/07\/inversion-casa-llave-monton-dinero-columpio-inmobiliario-negocio-hipoteca-inversion-prestamo-financiero-concepto-propiedad-inmobiliaria-recorte-camino-3d-renderizacion-e1752253941760.png 1237w, https:\/\/ahorroteca.com\/mx\/wp-content\/uploads\/2025\/07\/inversion-casa-llave-monton-dinero-columpio-inmobiliario-negocio-hipoteca-inversion-prestamo-financiero-concepto-propiedad-inmobiliaria-recorte-camino-3d-renderizacion-e1752253941760-300x291.png 300w, https:\/\/ahorroteca.com\/mx\/wp-content\/uploads\/2025\/07\/inversion-casa-llave-monton-dinero-columpio-inmobiliario-negocio-hipoteca-inversion-prestamo-financiero-concepto-propiedad-inmobiliaria-recorte-camino-3d-renderizacion-e1752253941760-1024x993.png 1024w, https:\/\/ahorroteca.com\/mx\/wp-content\/uploads\/2025\/07\/inversion-casa-llave-monton-dinero-columpio-inmobiliario-negocio-hipoteca-inversion-prestamo-financiero-concepto-propiedad-inmobiliaria-recorte-camino-3d-renderizacion-e1752253941760-768x745.png 768w\" sizes=\"(max-width: 1237px) 100vw, 1237px\" \/>\t\t\t\t\t\t\t\t\t\t\t\t\t\t\t<\/div>\n\t\t\t\t<\/div>\n\t\t\t\t\t<\/div>\n\t\t\t\t<\/div>\n\t\t\t\t<\/div>\n\t\t","protected":false},"excerpt":{"rendered":"<p>Nueva Hipoteca Tu casa te espera. Consigue la hipoteca en tiempo r\u00e9cord. \u00bfHablamos? Est\u00e1s a un Paso de tu Hipoteca D\u00e9janos tus datos y uno de nuestros expertos se pondr\u00e1 en contacto contigo en breve para resolver todas tus dudas. \u00bfTodavia tienes dudas? \u00bfA\u00fan te queda alguna pregunta sin respuesta? No dudes en contactarnos.\u00a1Ser\u00e1 un [&hellip;]<\/p>\n","protected":false},"author":2,"featured_media":0,"parent":0,"menu_order":0,"comment_status":"closed","ping_status":"closed","template":"elementor_header_footer","meta":{"footnotes":""},"class_list":["post-13","page","type-page","status-publish","hentry"],"_links":{"self":[{"href":"https:\/\/ahorroteca.com\/mx\/wp-json\/wp\/v2\/pages\/13","targetHints":{"allow":["GET"]}}],"collection":[{"href":"https:\/\/ahorroteca.com\/mx\/wp-json\/wp\/v2\/pages"}],"about":[{"href":"https:\/\/ahorroteca.com\/mx\/wp-json\/wp\/v2\/types\/page"}],"author":[{"embeddable":true,"href":"https:\/\/ahorroteca.com\/mx\/wp-json\/wp\/v2\/users\/2"}],"replies":[{"embeddable":true,"href":"https:\/\/ahorroteca.com\/mx\/wp-json\/wp\/v2\/comments?post=13"}],"version-history":[{"count":64,"href":"https:\/\/ahorroteca.com\/mx\/wp-json\/wp\/v2\/pages\/13\/revisions"}],"predecessor-version":[{"id":929,"href":"https:\/\/ahorroteca.com\/mx\/wp-json\/wp\/v2\/pages\/13\/revisions\/929"}],"wp:attachment":[{"href":"https:\/\/ahorroteca.com\/mx\/wp-json\/wp\/v2\/media?parent=13"}],"curies":[{"name":"wp","href":"https:\/\/api.w.org\/{rel}","templated":true}]}}